{"id":357,"date":"2026-02-17T09:49:27","date_gmt":"2026-02-17T08:49:27","guid":{"rendered":"https:\/\/dev.anvilcomp.hu\/?page_id=357"},"modified":"2026-02-27T11:12:52","modified_gmt":"2026-02-27T10:12:52","slug":"bemutatkozas","status":"publish","type":"page","link":"https:\/\/dev.anvilcomp.hu\/index.php\/bemutatkozas\/","title":{"rendered":"Bemutatkoz\u00e1s"},"content":{"rendered":"\t\t<div data-elementor-type=\"wp-page\" data-elementor-id=\"357\" class=\"elementor elementor-357\">\n\t\t\t\t<div class=\"elementor-element elementor-element-0e6eafb e-flex e-con-boxed e-con e-parent\" data-id=\"0e6eafb\" data-element_type=\"container\" data-e-type=\"container\" data-settings=\"{&quot;background_background&quot;:&quot;classic&quot;}\">\n\t\t\t\t\t<div class=\"e-con-inner\">\n\t\t\t\t<div class=\"elementor-element elementor-element-61572fe elementor-widget elementor-widget-heading\" data-id=\"61572fe\" data-element_type=\"widget\" data-e-type=\"widget\" data-widget_type=\"heading.default\">\n\t\t\t\t\t<h1 class=\"elementor-heading-title elementor-size-default\">Bemutatkoz\u00e1s<\/h1>\t\t\t\t<\/div>\n\t\t\t\t<div class=\"elementor-element elementor-element-98895e7 elementor-widget elementor-widget-text-editor\" data-id=\"98895e7\" data-element_type=\"widget\" data-e-type=\"widget\" data-widget_type=\"text-editor.default\">\n\t\t\t\t\t\t\t\t\t<p>Ki \u00e1ll a szolg\u00e1ltat\u00e1s m\u00f6g\u00f6tt?<\/p>\t\t\t\t\t\t\t\t<\/div>\n\t\t\t\t\t<\/div>\n\t\t\t\t<\/div>\n\t\t<div class=\"elementor-element elementor-element-4f2f001 e-flex e-con-boxed e-con e-parent\" data-id=\"4f2f001\" data-element_type=\"container\" data-e-type=\"container\">\n\t\t\t\t\t<div class=\"e-con-inner\">\n\t\t<div class=\"elementor-element elementor-element-8718ddd e-grid e-con-full e-con e-child\" data-id=\"8718ddd\" data-element_type=\"container\" data-e-type=\"container\">\n\t\t<div class=\"elementor-element elementor-element-c9df86f e-con-full e-flex e-con e-child\" data-id=\"c9df86f\" data-element_type=\"container\" data-e-type=\"container\">\n\t\t\t\t<div class=\"elementor-element elementor-element-c1b0b5f elementor-widget elementor-widget-heading\" data-id=\"c1b0b5f\" data-element_type=\"widget\" data-e-type=\"widget\" data-widget_type=\"heading.default\">\n\t\t\t\t\t<h2 class=\"elementor-heading-title elementor-size-default\">Bemutatkoz\u00e1s<\/h2>\t\t\t\t<\/div>\n\t\t\t\t<div class=\"elementor-element elementor-element-ea175db elementor-widget elementor-widget-text-editor\" data-id=\"ea175db\" data-element_type=\"widget\" data-e-type=\"widget\" data-widget_type=\"text-editor.default\">\n\t\t\t\t\t\t\t\t\t<p data-start=\"268\" data-end=\"481\">T\u00f6bb mint 10 \u00e9ve foglalkozom v\u00e1llalkoz\u00e1sok informatikai rendszereinek \u00fczemeltet\u00e9s\u00e9vel. Mikro-, kis- \u00e9s k\u00f6z\u00e9pv\u00e1llalkoz\u00e1sok sz\u00e1m\u00e1ra biztos\u00edtok stabil, kisz\u00e1m\u00edthat\u00f3 IT h\u00e1tteret, amely t\u00e1mogatja a mindennapi m\u0171k\u00f6d\u00e9st.<\/p><\/br>\n<p data-start=\"483\" data-end=\"752\">Sz\u00e1momra az informatika nem k\u00fcl\u00f6n\u00e1ll\u00f3 technikai ter\u00fclet, hanem a v\u00e1llalkoz\u00e1s m\u0171k\u00f6d\u00e9s\u00e9nek alapja. A c\u00e9lom nem az, hogy bonyolult rendszereket \u00e9p\u00edtsek, hanem hogy olyan megold\u00e1sokat alak\u00edtsak ki, amelyek megb\u00edzhat\u00f3an m\u0171k\u00f6dnek, \u00e1tl\u00e1that\u00f3k \u00e9s hossz\u00fa t\u00e1von is fenntarthat\u00f3k.<\/p><\/br>\n<p data-start=\"754\" data-end=\"987\">A k\u00f6z\u00f6s munka sor\u00e1n a megel\u0151z\u00e9sre helyezem a hangs\u00falyt. Egy j\u00f3l kialak\u00edtott rendszer kevesebb hib\u00e1t, kevesebb le\u00e1ll\u00e1st \u00e9s kevesebb bizonytalans\u00e1got jelent. Amikor m\u00e9gis probl\u00e9ma mer\u00fcl fel, gyorsan \u00e9s egy\u00e9rtelm\u0171en kezelem a helyzetet.<\/p>\n\t\t\t\t\t\t\t\t<\/div>\n\t\t\t\t<\/div>\n\t\t<div class=\"elementor-element elementor-element-d12c7c5 e-con-full e-flex e-con e-child\" data-id=\"d12c7c5\" data-element_type=\"container\" data-e-type=\"container\">\n\t\t\t\t<div class=\"elementor-element elementor-element-244d523 elementor-widget elementor-widget-image\" data-id=\"244d523\" data-element_type=\"widget\" data-e-type=\"widget\" data-widget_type=\"image.default\">\n\t\t\t\t\t\t\t\t\t\t\t\t\t\t\t<img fetchpriority=\"high\" decoding=\"async\" width=\"867\" height=\"1024\" src=\"https:\/\/dev.anvilcomp.hu\/wp-content\/uploads\/2026\/02\/kodaj_adam_kep-scaled-e1771318751728-867x1024.png\" class=\"attachment-large size-large wp-image-360\" alt=\"\" srcset=\"https:\/\/dev.anvilcomp.hu\/wp-content\/uploads\/2026\/02\/kodaj_adam_kep-scaled-e1771318751728-867x1024.png 867w, https:\/\/dev.anvilcomp.hu\/wp-content\/uploads\/2026\/02\/kodaj_adam_kep-scaled-e1771318751728-254x300.png 254w, https:\/\/dev.anvilcomp.hu\/wp-content\/uploads\/2026\/02\/kodaj_adam_kep-scaled-e1771318751728-768x907.png 768w, https:\/\/dev.anvilcomp.hu\/wp-content\/uploads\/2026\/02\/kodaj_adam_kep-scaled-e1771318751728-1300x1536.png 1300w, https:\/\/dev.anvilcomp.hu\/wp-content\/uploads\/2026\/02\/kodaj_adam_kep-scaled-e1771318751728.png 1520w\" sizes=\"(max-width: 867px) 100vw, 867px\" \/>\t\t\t\t\t\t\t\t\t\t\t\t\t\t\t<\/div>\n\t\t\t\t<\/div>\n\t\t\t\t<\/div>\n\t\t\t\t<div class=\"elementor-element elementor-element-9ea5c21 elementor-widget elementor-widget-text-editor\" data-id=\"9ea5c21\" data-element_type=\"widget\" data-e-type=\"widget\" data-widget_type=\"text-editor.default\">\n\t\t\t\t\t\t\t\t\t<p data-start=\"989\" data-end=\"1163\">Minden elv\u00e9gzett munk\u00e1\u00e9rt felel\u0151ss\u00e9get v\u00e1llalok, \u00e9s minden esetben sz\u00e1ml\u00e1val dolgozom. Fontos sz\u00e1momra a korrekt, \u00e1tl\u00e1that\u00f3 egy\u00fcttm\u0171k\u00f6d\u00e9s \u00e9s a hossz\u00fa t\u00e1v\u00fa partneri kapcsolat.<\/p>\n<p data-start=\"1165\" data-end=\"1204\">Szolg\u00e1ltat\u00e1si ter\u00fcleteim t\u00f6bbek k\u00f6z\u00f6tt:<\/p>\n&nbsp;\n<ul data-start=\"1206\" data-end=\"1575\">\n \t<li data-start=\"1206\" data-end=\"1253\">\n<p data-start=\"1208\" data-end=\"1253\">c\u00e9ges levelez\u00e9s kialak\u00edt\u00e1sa \u00e9s \u00fczemeltet\u00e9se<\/p>\n<\/li>\n \t<li data-start=\"1254\" data-end=\"1305\">\n<p data-start=\"1256\" data-end=\"1305\">f\u00e1jlmegoszt\u00e1s \u00e9s biztons\u00e1gi ment\u00e9sek be\u00e1ll\u00edt\u00e1sa<\/p>\n<\/li>\n \t<li data-start=\"1306\" data-end=\"1376\">\n<p data-start=\"1308\" data-end=\"1376\">sz\u00e1m\u00edt\u00f3g\u00e9pek, laptopok \u00e9s egy\u00e9b informatikai eszk\u00f6z\u00f6k \u00fczemeltet\u00e9se<\/p>\n<\/li>\n \t<li data-start=\"1377\" data-end=\"1428\">\n<p data-start=\"1379\" data-end=\"1428\">szoftverek beszerz\u00e9se \u00e9s m\u0171k\u00f6d\u00e9s\u00e9nek t\u00e1mogat\u00e1sa<\/p>\n<\/li>\n \t<li data-start=\"1429\" data-end=\"1477\">\n<p data-start=\"1431\" data-end=\"1477\">t\u00e1voli munkav\u00e9gz\u00e9s (Home Office) kialak\u00edt\u00e1sa<\/p>\n<\/li>\n \t<li data-start=\"1478\" data-end=\"1521\">\n<p data-start=\"1480\" data-end=\"1521\">WiFi \u00e9s gyenge\u00e1ram\u00fa h\u00e1l\u00f3zatok ki\u00e9p\u00edt\u00e9se<\/p>\n<\/li>\n \t<li data-start=\"1522\" data-end=\"1575\">\n<p data-start=\"1524\" data-end=\"1575\">eg\u00e9szs\u00e9g\u00fcgyi informatikai rendszerek \u00fczemeltet\u00e9se<\/p>\n<\/li>\n<\/ul>\n<p data-start=\"1577\" data-end=\"1702\">Amennyiben olyan informatikai h\u00e1tt\u00e9rre van sz\u00fcks\u00e9ge, amely stabilan \u00e9s kisz\u00e1m\u00edthat\u00f3an m\u0171k\u00f6dik, sz\u00edvesen \u00e1llok rendelkez\u00e9s\u00e9re.<\/p>\t\t\t\t\t\t\t\t<\/div>\n\t\t\t\t\t<\/div>\n\t\t\t\t<\/div>\n\t\t\t\t<\/div>\n\t\t","protected":false},"excerpt":{"rendered":"<p>Bemutatkoz\u00e1s Ki \u00e1ll a szolg\u00e1ltat\u00e1s m\u00f6g\u00f6tt? Bemutatkoz\u00e1s T\u00f6bb mint 10 \u00e9ve foglalkozom v\u00e1llalkoz\u00e1sok informatikai rendszereinek \u00fczemeltet\u00e9s\u00e9vel. Mikro-, kis- \u00e9s k\u00f6z\u00e9pv\u00e1llalkoz\u00e1sok [&hellip;]<\/p>\n","protected":false},"author":2,"featured_media":0,"parent":0,"menu_order":0,"comment_status":"closed","ping_status":"closed","template":"elementor_header_footer","meta":{"site-sidebar-layout":"no-sidebar","site-content-layout":"","ast-site-content-layout":"full-width-container","site-content-style":"default","site-sidebar-style":"default","ast-global-header-display":"","ast-banner-title-visibility":"","ast-main-header-display":"","ast-hfb-above-header-display":"","ast-hfb-below-header-display":"","ast-hfb-mobile-header-display":"","site-post-title":"","ast-breadcrumbs-content":"","ast-featured-img":"disabled","footer-sml-layout":"","ast-disable-related-posts":"","theme-transparent-header-meta":"","adv-header-id-meta":"","stick-header-meta":"","header-above-stick-meta":"","header-main-stick-meta":"","header-below-stick-meta":"","astra-migrate-meta-layouts":"default","ast-page-background-enabled":"default","ast-page-background-meta":{"desktop":{"background-color":"var(--ast-global-color-5)","background-image":"","background-repeat":"repeat","background-position":"center center","background-size":"auto","background-attachment":"scroll","background-type":"","background-media":"","overlay-type":"","overlay-color":"","overlay-opacity":"","overlay-gradient":""},"tablet":{"background-color":"","background-image":"","background-repeat":"repeat","background-position":"center center","background-size":"auto","background-attachment":"scroll","background-type":"","background-media":"","overlay-type":"","overlay-color":"","overlay-opacity":"","overlay-gradient":""},"mobile":{"background-color":"","background-image":"","background-repeat":"repeat","background-position":"center center","background-size":"auto","background-attachment":"scroll","background-type":"","background-media":"","overlay-type":"","overlay-color":"","overlay-opacity":"","overlay-gradient":""}},"ast-content-background-meta":{"desktop":{"background-color":"var(--ast-global-color-4)","background-image":"","background-repeat":"repeat","background-position":"center center","background-size":"auto","background-attachment":"scroll","background-type":"","background-media":"","overlay-type":"","overlay-color":"","overlay-opacity":"","overlay-gradient":""},"tablet":{"background-color":"var(--ast-global-color-4)","background-image":"","background-repeat":"repeat","background-position":"center center","background-size":"auto","background-attachment":"scroll","background-type":"","background-media":"","overlay-type":"","overlay-color":"","overlay-opacity":"","overlay-gradient":""},"mobile":{"background-color":"var(--ast-global-color-4)","background-image":"","background-repeat":"repeat","background-position":"center center","background-size":"auto","background-attachment":"scroll","background-type":"","background-media":"","overlay-type":"","overlay-color":"","overlay-opacity":"","overlay-gradient":""}},"footnotes":""},"class_list":["post-357","page","type-page","status-publish","hentry"],"_links":{"self":[{"href":"https:\/\/dev.anvilcomp.hu\/index.php\/wp-json\/wp\/v2\/pages\/357","targetHints":{"allow":["GET"]}}],"collection":[{"href":"https:\/\/dev.anvilcomp.hu\/index.php\/wp-json\/wp\/v2\/pages"}],"about":[{"href":"https:\/\/dev.anvilcomp.hu\/index.php\/wp-json\/wp\/v2\/types\/page"}],"author":[{"embeddable":true,"href":"https:\/\/dev.anvilcomp.hu\/index.php\/wp-json\/wp\/v2\/users\/2"}],"replies":[{"embeddable":true,"href":"https:\/\/dev.anvilcomp.hu\/index.php\/wp-json\/wp\/v2\/comments?post=357"}],"version-history":[{"count":22,"href":"https:\/\/dev.anvilcomp.hu\/index.php\/wp-json\/wp\/v2\/pages\/357\/revisions"}],"predecessor-version":[{"id":447,"href":"https:\/\/dev.anvilcomp.hu\/index.php\/wp-json\/wp\/v2\/pages\/357\/revisions\/447"}],"wp:attachment":[{"href":"https:\/\/dev.anvilcomp.hu\/index.php\/wp-json\/wp\/v2\/media?parent=357"}],"curies":[{"name":"wp","href":"https:\/\/api.w.org\/{rel}","templated":true}]}}